{"id":314,"date":"2025-12-18T17:00:14","date_gmt":"2025-12-18T17:00:14","guid":{"rendered":"https:\/\/3six.fr\/?page_id=314"},"modified":"2026-05-05T10:16:19","modified_gmt":"2026-05-05T10:16:19","slug":"intervention-travaux-en-hauteur","status":"publish","type":"page","link":"https:\/\/3six.fr\/index.php\/intervention-travaux-en-hauteur\/","title":{"rendered":"Intervention travaux en hauteur"},"content":{"rendered":"\t\t<div data-elementor-type=\"wp-page\" data-elementor-id=\"314\" class=\"elementor elementor-314\" data-elementor-post-type=\"page\">\n\t\t\t\t<div class=\"elementor-element elementor-element-e743271 e-con-full e-flex e-con e-parent\" data-id=\"e743271\" data-element_type=\"container\" data-e-type=\"container\" data-settings=\"{&quot;background_background&quot;:&quot;classic&quot;,&quot;background_motion_fx_motion_fx_scrolling&quot;:&quot;yes&quot;,&quot;background_motion_fx_translateY_effect&quot;:&quot;yes&quot;,&quot;background_motion_fx_translateY_speed&quot;:{&quot;unit&quot;:&quot;px&quot;,&quot;size&quot;:10,&quot;sizes&quot;:[]},&quot;background_motion_fx_opacity_effect&quot;:&quot;yes&quot;,&quot;background_motion_fx_opacity_level&quot;:{&quot;unit&quot;:&quot;px&quot;,&quot;size&quot;:2.5,&quot;sizes&quot;:[]},&quot;background_motion_fx_range&quot;:&quot;page&quot;,&quot;background_motion_fx_translateY_affectedRange&quot;:{&quot;unit&quot;:&quot;%&quot;,&quot;size&quot;:&quot;&quot;,&quot;sizes&quot;:{&quot;start&quot;:0,&quot;end&quot;:100}},&quot;background_motion_fx_opacity_direction&quot;:&quot;out-in&quot;,&quot;background_motion_fx_opacity_range&quot;:{&quot;unit&quot;:&quot;%&quot;,&quot;size&quot;:&quot;&quot;,&quot;sizes&quot;:{&quot;start&quot;:20,&quot;end&quot;:80}},&quot;background_motion_fx_devices&quot;:[&quot;desktop&quot;,&quot;tablet&quot;,&quot;mobile&quot;]}\">\n\t\t\t\t<\/div>\n\t\t<div class=\"elementor-element elementor-element-7b263d4b e-flex e-con-boxed e-con e-parent\" data-id=\"7b263d4b\" data-element_type=\"container\" data-e-type=\"container\">\n\t\t\t\t\t<div class=\"e-con-inner\">\n\t\t\t\t<div class=\"elementor-element elementor-element-5ccc496 elementor-widget__width-inherit elementor-widget elementor-widget-heading\" data-id=\"5ccc496\" data-element_type=\"widget\" data-e-type=\"widget\" data-widget_type=\"heading.default\">\n\t\t\t\t\t<h1 class=\"elementor-heading-title elementor-size-default\">Interventions travaux en hauteur<\/h1>\t\t\t\t<\/div>\n\t\t\t\t\t<\/div>\n\t\t\t\t<\/div>\n\t\t<div class=\"elementor-element elementor-element-74054054 e-flex e-con-boxed e-con e-parent\" data-id=\"74054054\" data-element_type=\"container\" data-e-type=\"container\">\n\t\t\t\t\t<div class=\"e-con-inner\">\n\t\t\t\t<div class=\"elementor-element elementor-element-47da080 elementor-widget elementor-widget-text-editor\" data-id=\"47da080\" data-element_type=\"widget\" data-e-type=\"widget\" data-widget_type=\"text-editor.default\">\n\t\t\t\t\t\t\t\t\t<p>Les travaux en hauteur n\u00e9cessitent une expertise technique, une pr\u00e9paration rigoureuse et des \u00e9quipements adapt\u00e9s.<br data-start=\"1006\" data-end=\"1009\" \/>3SIX intervient sur des acc\u00e8s complexes et des situations \u00e0 risque, pour les <strong data-start=\"1088\" data-end=\"1103\">entreprises<\/strong>, les <strong data-start=\"1109\" data-end=\"1126\">collectivit\u00e9s<\/strong> et les <strong data-start=\"1134\" data-end=\"1150\">particuliers<\/strong>, <br \/>en privil\u00e9giant la s\u00e9curit\u00e9, l\u2019efficacit\u00e9 et le respect des lieux.<\/p>\t\t\t\t\t\t\t\t<\/div>\n\t\t\t\t\t<\/div>\n\t\t\t\t<\/div>\n\t\t<div class=\"elementor-element elementor-element-f68b124 e-flex e-con-boxed e-con e-parent\" data-id=\"f68b124\" data-element_type=\"container\" data-e-type=\"container\">\n\t\t\t\t\t<div class=\"e-con-inner\">\n\t\t<div class=\"elementor-element elementor-element-ad678c5 e-con-full e-flex e-con e-child\" data-id=\"ad678c5\" data-element_type=\"container\" data-e-type=\"container\">\n\t\t\t\t<div class=\"elementor-element elementor-element-21c2ca1 elementor-widget elementor-widget-heading\" data-id=\"21c2ca1\" data-element_type=\"widget\" data-e-type=\"widget\" data-widget_type=\"heading.default\">\n\t\t\t\t\t<h2 class=\"elementor-heading-title elementor-size-default\">Pour les entreprises<\/h2>\t\t\t\t<\/div>\n\t\t\t\t<div class=\"elementor-element elementor-element-863e0da elementor-widget elementor-widget-text-editor\" data-id=\"863e0da\" data-element_type=\"widget\" data-e-type=\"widget\" data-widget_type=\"text-editor.default\">\n\t\t\t\t\t\t\t\t\t<ul data-start=\"1351\" data-end=\"1584\"><li data-start=\"1351\" data-end=\"1408\"><p data-start=\"1353\" data-end=\"1408\">Interventions sur b\u00e2timents industriels et tertiaires<\/p><\/li><li data-start=\"1409\" data-end=\"1446\"><p data-start=\"1411\" data-end=\"1446\"><strong>Nettoyage<\/strong> <strong>et entretien<\/strong> de fa\u00e7ades et de <strong>vitres<\/strong><\/p><\/li><li data-start=\"1447\" data-end=\"1486\"><p data-start=\"1449\" data-end=\"1486\">Acc\u00e8s difficiles et zones complexes<\/p><\/li><li data-start=\"1487\" data-end=\"1519\"><p data-start=\"1489\" data-end=\"1519\">Travaux ponctuels en hauteur<\/p><\/li><li data-start=\"1520\" data-end=\"1584\"><p data-start=\"1522\" data-end=\"1584\"><strong>S\u00e9curisation d\u2019acc\u00e8s<\/strong> et interventions techniques sp\u00e9cifiques<\/p><\/li><\/ul><p data-start=\"1586\" data-end=\"1671\"><img decoding=\"async\" class=\"emoji\" role=\"img\" draggable=\"false\" src=\"https:\/\/s.w.org\/images\/core\/emoji\/17.0.2\/svg\/1f449.svg\" alt=\"\ud83d\udc49\" \/> <em data-start=\"1589\" data-end=\"1671\">Interventions adapt\u00e9es aux contraintes de chantier et aux exigences de s\u00e9curit\u00e9.<\/em><\/p>\t\t\t\t\t\t\t\t<\/div>\n\t\t\t\t<\/div>\n\t\t<div class=\"elementor-element elementor-element-5fca7e0 e-con-full e-flex e-con e-child\" data-id=\"5fca7e0\" data-element_type=\"container\" data-e-type=\"container\">\n\t\t\t\t<div class=\"elementor-element elementor-element-8d1cab0 elementor-widget elementor-widget-heading\" data-id=\"8d1cab0\" data-element_type=\"widget\" data-e-type=\"widget\" data-widget_type=\"heading.default\">\n\t\t\t\t\t<h2 class=\"elementor-heading-title elementor-size-default\">Pour les collectivit\u00e9s<\/h2>\t\t\t\t<\/div>\n\t\t\t\t<div class=\"elementor-element elementor-element-be3d1ba elementor-widget elementor-widget-text-editor\" data-id=\"be3d1ba\" data-element_type=\"widget\" data-e-type=\"widget\" data-widget_type=\"text-editor.default\">\n\t\t\t\t\t\t\t\t\t<ul data-start=\"1708\" data-end=\"1991\"><li data-start=\"1708\" data-end=\"1754\"><p data-start=\"1710\" data-end=\"1754\"><strong>Pose et d\u00e9pose<\/strong> d&rsquo;\u00e9l\u00e9ments en hauteur<\/p><\/li><li data-start=\"1755\" data-end=\"1813\"><p data-start=\"1757\" data-end=\"1813\"><strong>Entretien de fa\u00e7ades<\/strong>, pignons et structures en hauteur<\/p><\/li><li data-start=\"1814\" data-end=\"1874\"><p data-start=\"1816\" data-end=\"1874\">Pose de <strong>filets de s\u00e9curit\u00e9<\/strong><\/p><\/li><li data-start=\"1875\" data-end=\"1929\"><p data-start=\"1877\" data-end=\"1929\"><strong>Elagage et abattage<\/strong> dans le respects de l&rsquo;arbre et de son \u00e9cosyst\u00e8me<\/p><\/li><li data-start=\"1930\" data-end=\"1991\"><p data-start=\"1932\" data-end=\"1991\">Respect des normes de s\u00e9curit\u00e9 et des proc\u00e9dures internes<\/p><\/li><\/ul><p data-start=\"1993\" data-end=\"2088\">\ud83d\udc49 <em>Techniques adapt\u00e9es aux b\u00e2timents <\/em><em>anciens et au patrimoine b\u00e2ti<\/em><\/p>\t\t\t\t\t\t\t\t<\/div>\n\t\t\t\t<\/div>\n\t\t<div class=\"elementor-element elementor-element-db70b25 e-con-full e-flex e-con e-child\" data-id=\"db70b25\" data-element_type=\"container\" data-e-type=\"container\">\n\t\t\t\t<div class=\"elementor-element elementor-element-83720cf elementor-widget elementor-widget-heading\" data-id=\"83720cf\" data-element_type=\"widget\" data-e-type=\"widget\" data-widget_type=\"heading.default\">\n\t\t\t\t\t<h2 class=\"elementor-heading-title elementor-size-default\">Pour les particuliers<\/h2>\t\t\t\t<\/div>\n\t\t\t\t<div class=\"elementor-element elementor-element-240dedd elementor-widget elementor-widget-text-editor\" data-id=\"240dedd\" data-element_type=\"widget\" data-e-type=\"widget\" data-widget_type=\"text-editor.default\">\n\t\t\t\t\t\t\t\t\t<ul data-start=\"2124\" data-end=\"2355\"><li data-start=\"2124\" data-end=\"2159\"><p data-start=\"2126\" data-end=\"2159\"><strong>Nettoyage de fa\u00e7ades <\/strong>et de pignons<\/p><\/li><li data-start=\"2160\" data-end=\"2210\"><p data-start=\"2162\" data-end=\"2210\"><strong>Interventions sur toitures<\/strong> et acc\u00e8s difficiles<\/p><\/li><li data-start=\"2211\" data-end=\"2245\"><p data-start=\"2213\" data-end=\"2245\"><strong>Nettoyage de vitres<\/strong> en hauteur<\/p><\/li><li data-start=\"2246\" data-end=\"2297\"><p data-start=\"2248\" data-end=\"2297\">Travaux ponctuels n\u00e9cessitant un acc\u00e8s s\u00e9curis\u00e9<\/p><\/li><li data-start=\"2298\" data-end=\"2355\"><p data-start=\"2300\" data-end=\"2355\"><strong>Elagage et abattage<\/strong> dans le respects de l&rsquo;arbre et de son \u00e9cosyst\u00e8me<\/p><\/li><\/ul><p data-start=\"2357\" data-end=\"2436\">\ud83d\udc49 <em data-start=\"2360\" data-end=\"2436\">Une solution s\u00e9curis\u00e9e lorsque l\u2019intervention est risqu\u00e9e ou inaccessible.<\/em><\/p>\t\t\t\t\t\t\t\t<\/div>\n\t\t\t\t<\/div>\n\t\t\t\t\t<\/div>\n\t\t\t\t<\/div>\n\t\t<div class=\"elementor-element elementor-element-dbaec62 e-flex e-con-boxed e-con e-parent\" data-id=\"dbaec62\" data-element_type=\"container\" data-e-type=\"container\">\n\t\t\t\t\t<div class=\"e-con-inner\">\n\t\t\t\t<div class=\"elementor-element elementor-element-2d456ca elementor-widget elementor-widget-image\" data-id=\"2d456ca\" data-element_type=\"widget\" data-e-type=\"widget\" data-widget_type=\"image.default\">\n\t\t\t\t\t\t\t\t\t\t\t\t\t\t\t<img fetchpriority=\"high\" decoding=\"async\" width=\"768\" height=\"534\" src=\"https:\/\/3six.fr\/wp-content\/uploads\/2026\/05\/A7400771_V2-768x534.jpg\" class=\"attachment-medium_large size-medium_large wp-image-517\" alt=\"3six - cordistes IRATA - Pascal et Valentin\" srcset=\"https:\/\/3six.fr\/wp-content\/uploads\/2026\/05\/A7400771_V2-768x534.jpg 768w, https:\/\/3six.fr\/wp-content\/uploads\/2026\/05\/A7400771_V2-300x208.jpg 300w, https:\/\/3six.fr\/wp-content\/uploads\/2026\/05\/A7400771_V2-1024x711.jpg 1024w, https:\/\/3six.fr\/wp-content\/uploads\/2026\/05\/A7400771_V2-1536x1067.jpg 1536w, https:\/\/3six.fr\/wp-content\/uploads\/2026\/05\/A7400771_V2-2048x1423.jpg 2048w\" sizes=\"(max-width: 768px) 100vw, 768px\" \/>\t\t\t\t\t\t\t\t\t\t\t\t\t\t\t<\/div>\n\t\t\t\t\t<\/div>\n\t\t\t\t<\/div>\n\t\t<div class=\"elementor-element elementor-element-ff3d7a6 e-flex e-con-boxed e-con e-parent\" data-id=\"ff3d7a6\" data-element_type=\"container\" data-e-type=\"container\">\n\t\t\t\t\t<div class=\"e-con-inner\">\n\t\t<div class=\"elementor-element elementor-element-7c6b436 e-con-full e-flex e-con e-child\" data-id=\"7c6b436\" data-element_type=\"container\" data-e-type=\"container\">\n\t\t\t\t<div class=\"elementor-element elementor-element-dd5b66c elementor-widget elementor-widget-heading\" data-id=\"dd5b66c\" data-element_type=\"widget\" data-e-type=\"widget\" data-widget_type=\"heading.default\">\n\t\t\t\t\t<h2 class=\"elementor-heading-title elementor-size-default\">Une approche rigoureuse et s\u00e9curis\u00e9e<\/h2>\t\t\t\t<\/div>\n\t\t\t\t<div class=\"elementor-element elementor-element-37ef674 elementor-widget elementor-widget-text-editor\" data-id=\"37ef674\" data-element_type=\"widget\" data-e-type=\"widget\" data-widget_type=\"text-editor.default\">\n\t\t\t\t\t\t\t\t\t<ul><li data-start=\"2580\" data-end=\"2613\"><p data-start=\"2582\" data-end=\"2613\">Analyse pr\u00e9alable des risques<\/p><\/li><li data-start=\"2614\" data-end=\"2661\"><p data-start=\"2616\" data-end=\"2661\">Choix de la m\u00e9thode d\u2019acc\u00e8s la plus adapt\u00e9e<\/p><\/li><li data-start=\"2662\" data-end=\"2701\"><p data-start=\"2664\" data-end=\"2701\">Utilisation d\u2019\u00e9quipements certifi\u00e9s<\/p><\/li><li data-start=\"2702\" data-end=\"2738\"><p data-start=\"2704\" data-end=\"2738\">Intervention ma\u00eetris\u00e9e et propre<\/p><\/li><li data-start=\"2739\" data-end=\"2789\"><p data-start=\"2741\" data-end=\"2789\">Respect des personnes, des lieux et des d\u00e9lais<\/p><\/li><li data-start=\"2739\" data-end=\"2789\"><p data-start=\"2741\" data-end=\"2789\">Jusqu&rsquo;\u00e0 4 cordistes<\/p><\/li><\/ul>\t\t\t\t\t\t\t\t<\/div>\n\t\t\t\t<\/div>\n\t\t<div class=\"elementor-element elementor-element-91cf325 e-con-full e-flex e-con e-child\" data-id=\"91cf325\" data-element_type=\"container\" data-e-type=\"container\">\n\t\t\t\t<div class=\"elementor-element elementor-element-7ac695b elementor-widget elementor-widget-heading\" data-id=\"7ac695b\" data-element_type=\"widget\" data-e-type=\"widget\" data-widget_type=\"heading.default\">\n\t\t\t\t\t<h2 class=\"elementor-heading-title elementor-size-default\">Pourquoi faire appel \u00e0 3SIX ?<\/h2>\t\t\t\t<\/div>\n\t\t\t\t<div class=\"elementor-element elementor-element-c862524 elementor-widget elementor-widget-text-editor\" data-id=\"c862524\" data-element_type=\"widget\" data-e-type=\"widget\" data-widget_type=\"text-editor.default\">\n\t\t\t\t\t\t\t\t\t<ul><li data-start=\"2894\" data-end=\"2941\"><p data-start=\"2896\" data-end=\"2941\">Intervenant formateur en travaux en hauteur<\/p><\/li><li data-start=\"2894\" data-end=\"2941\"><p data-start=\"2896\" data-end=\"2941\">Cordistes IRATA<\/p><\/li><li data-start=\"2942\" data-end=\"2973\"><p data-start=\"2944\" data-end=\"2973\">Exp\u00e9rience terrain concr\u00e8te<\/p><\/li><li data-start=\"2974\" data-end=\"3000\"><p data-start=\"2976\" data-end=\"3000\">Culture s\u00e9curit\u00e9 forte<\/p><\/li><li data-start=\"3001\" data-end=\"3034\"><p data-start=\"3003\" data-end=\"3034\">Adaptation \u00e0 chaque situation<\/p><\/li><li data-start=\"3035\" data-end=\"3090\"><p data-start=\"3037\" data-end=\"3090\">Interlocuteur unique, de l\u2019analyse \u00e0 l\u2019intervention<\/p><\/li><\/ul>\t\t\t\t\t\t\t\t<\/div>\n\t\t\t\t<\/div>\n\t\t\t\t\t<\/div>\n\t\t\t\t<\/div>\n\t\t<div class=\"elementor-element elementor-element-5fec660 e-flex e-con-boxed e-con e-parent\" data-id=\"5fec660\" data-element_type=\"container\" data-e-type=\"container\">\n\t\t\t\t\t<div class=\"e-con-inner\">\n\t\t<div class=\"elementor-element elementor-element-288ffd5 e-con-full e-flex e-con e-child\" data-id=\"288ffd5\" data-element_type=\"container\" data-e-type=\"container\">\n\t\t\t\t<div class=\"elementor-element elementor-element-8d6735f elementor-widget elementor-widget-heading\" data-id=\"8d6735f\" data-element_type=\"widget\" data-e-type=\"widget\" data-widget_type=\"heading.default\">\n\t\t\t\t\t<h2 class=\"elementor-heading-title elementor-size-default\">S\u00c9CURIT\u00c9 &amp; RESPONSABILIT\u00c9<\/h2>\t\t\t\t<\/div>\n\t\t\t\t<div class=\"elementor-element elementor-element-c4b3aec elementor-widget elementor-widget-text-editor\" data-id=\"c4b3aec\" data-element_type=\"widget\" data-e-type=\"widget\" data-widget_type=\"text-editor.default\">\n\t\t\t\t\t\t\t\t\t<p>Les travaux en hauteur comportent des risques importants.<br data-start=\"3353\" data-end=\"3356\" \/>Les interventions 3SIX sont r\u00e9alis\u00e9es dans le respect strict des r\u00e8gles de s\u00e9curit\u00e9, avec une pr\u00e9paration rigoureuse et des \u00e9quipements adapt\u00e9s, afin de garantir la protection des intervenants et des usagers.<\/p>\t\t\t\t\t\t\t\t<\/div>\n\t\t\t\t<\/div>\n\t\t\t\t\t<\/div>\n\t\t\t\t<\/div>\n\t\t<div class=\"elementor-element elementor-element-87c170f e-flex e-con-boxed e-con e-parent\" data-id=\"87c170f\" data-element_type=\"container\" data-e-type=\"container\">\n\t\t\t\t\t<div class=\"e-con-inner\">\n\t\t\t\t<div class=\"elementor-element elementor-element-7039b8e elementor-align-left elementor-widget elementor-widget-button\" data-id=\"7039b8e\" data-element_type=\"widget\" data-e-type=\"widget\" data-widget_type=\"button.default\">\n\t\t\t\t\t\t\t\t\t\t<a class=\"elementor-button elementor-button-link elementor-size-sm\" href=\"https:\/\/3six.fr\/index.php\/contact\/\">\n\t\t\t\t\t\t<span class=\"elementor-button-content-wrapper\">\n\t\t\t\t\t\t\t\t\t<span class=\"elementor-button-text\">Demander un devis<\/span>\n\t\t\t\t\t<\/span>\n\t\t\t\t\t<\/a>\n\t\t\t\t\t\t\t\t<\/div>\n\t\t\t\t\t<\/div>\n\t\t\t\t<\/div>\n\t\t<div class=\"elementor-element elementor-element-5342a14 e-flex e-con-boxed e-con e-parent\" data-id=\"5342a14\" data-element_type=\"container\" data-e-type=\"container\">\n\t\t\t\t\t<div class=\"e-con-inner\">\n\t\t\t\t<div class=\"elementor-element elementor-element-5af949c elementor-widget elementor-widget-image\" data-id=\"5af949c\" data-element_type=\"widget\" data-e-type=\"widget\" data-widget_type=\"image.default\">\n\t\t\t\t\t\t\t\t\t\t\t\t\t\t\t<img decoding=\"async\" width=\"800\" height=\"370\" src=\"https:\/\/3six.fr\/wp-content\/uploads\/2026\/05\/A7400774_V2-1-1024x473.jpg\" class=\"attachment-large size-large wp-image-515\" alt=\"Pascal - cordiste IRATA intervention en hauteur\" srcset=\"https:\/\/3six.fr\/wp-content\/uploads\/2026\/05\/A7400774_V2-1-1024x473.jpg 1024w, https:\/\/3six.fr\/wp-content\/uploads\/2026\/05\/A7400774_V2-1-300x138.jpg 300w, https:\/\/3six.fr\/wp-content\/uploads\/2026\/05\/A7400774_V2-1-768x354.jpg 768w, https:\/\/3six.fr\/wp-content\/uploads\/2026\/05\/A7400774_V2-1-1536x709.jpg 1536w, https:\/\/3six.fr\/wp-content\/uploads\/2026\/05\/A7400774_V2-1-2048x945.jpg 2048w\" sizes=\"(max-width: 800px) 100vw, 800px\" \/>\t\t\t\t\t\t\t\t\t\t\t\t\t\t\t<\/div>\n\t\t\t\t\t<\/div>\n\t\t\t\t<\/div>\n\t\t\t\t<\/div>\n\t\t","protected":false},"excerpt":{"rendered":"<p>Interventions travaux en hauteur Les travaux en hauteur n\u00e9cessitent une expertise technique, une pr\u00e9paration rigoureuse et des \u00e9quipements adapt\u00e9s.3SIX intervient sur des acc\u00e8s complexes et des situations \u00e0 risque, pour les entreprises, les collectivit\u00e9s et les particuliers, en privil\u00e9giant la s\u00e9curit\u00e9, l\u2019efficacit\u00e9 et le respect des lieux. Pour les entreprises Interventions sur b\u00e2timents industriels et [&hellip;]<\/p>\n","protected":false},"author":1,"featured_media":0,"parent":0,"menu_order":0,"comment_status":"closed","ping_status":"closed","template":"","meta":{"slim_seo":{"title":"intervention-travaux-en-hauteur","description":"Des interventions techniques en hauteur s\u00e9curis\u00e9es pour les entreprises, les collectivit\u00e9s et les particuliers."},"footnotes":""},"class_list":["post-314","page","type-page","status-publish","hentry"],"_links":{"self":[{"href":"https:\/\/3six.fr\/index.php\/wp-json\/wp\/v2\/pages\/314","targetHints":{"allow":["GET"]}}],"collection":[{"href":"https:\/\/3six.fr\/index.php\/wp-json\/wp\/v2\/pages"}],"about":[{"href":"https:\/\/3six.fr\/index.php\/wp-json\/wp\/v2\/types\/page"}],"author":[{"embeddable":true,"href":"https:\/\/3six.fr\/index.php\/wp-json\/wp\/v2\/users\/1"}],"replies":[{"embeddable":true,"href":"https:\/\/3six.fr\/index.php\/wp-json\/wp\/v2\/comments?post=314"}],"version-history":[{"count":21,"href":"https:\/\/3six.fr\/index.php\/wp-json\/wp\/v2\/pages\/314\/revisions"}],"predecessor-version":[{"id":523,"href":"https:\/\/3six.fr\/index.php\/wp-json\/wp\/v2\/pages\/314\/revisions\/523"}],"wp:attachment":[{"href":"https:\/\/3six.fr\/index.php\/wp-json\/wp\/v2\/media?parent=314"}],"curies":[{"name":"wp","href":"https:\/\/api.w.org\/{rel}","templated":true}]}}