{"id":11,"date":"2025-08-15T10:58:02","date_gmt":"2025-08-15T10:58:02","guid":{"rendered":"https:\/\/3six.fr\/index.php\/accueil\/"},"modified":"2026-05-05T10:21:03","modified_gmt":"2026-05-05T10:21:03","slug":"accueil","status":"publish","type":"page","link":"https:\/\/3six.fr\/","title":{"rendered":"Accueil"},"content":{"rendered":"\t\t<div data-elementor-type=\"wp-page\" data-elementor-id=\"11\" class=\"elementor elementor-11\" data-elementor-post-type=\"page\">\n\t\t\t\t<div class=\"elementor-element elementor-element-4b8426ab e-con-full e-flex e-con e-parent\" data-id=\"4b8426ab\" data-element_type=\"container\" data-e-type=\"container\" data-settings=\"{&quot;background_background&quot;:&quot;classic&quot;,&quot;background_motion_fx_motion_fx_scrolling&quot;:&quot;yes&quot;,&quot;background_motion_fx_translateY_effect&quot;:&quot;yes&quot;,&quot;background_motion_fx_translateY_speed&quot;:{&quot;unit&quot;:&quot;px&quot;,&quot;size&quot;:10,&quot;sizes&quot;:[]},&quot;background_motion_fx_opacity_effect&quot;:&quot;yes&quot;,&quot;background_motion_fx_opacity_level&quot;:{&quot;unit&quot;:&quot;px&quot;,&quot;size&quot;:2.5,&quot;sizes&quot;:[]},&quot;background_motion_fx_range&quot;:&quot;page&quot;,&quot;background_motion_fx_translateY_affectedRange&quot;:{&quot;unit&quot;:&quot;%&quot;,&quot;size&quot;:&quot;&quot;,&quot;sizes&quot;:{&quot;start&quot;:0,&quot;end&quot;:100}},&quot;background_motion_fx_opacity_direction&quot;:&quot;out-in&quot;,&quot;background_motion_fx_opacity_range&quot;:{&quot;unit&quot;:&quot;%&quot;,&quot;size&quot;:&quot;&quot;,&quot;sizes&quot;:{&quot;start&quot;:20,&quot;end&quot;:80}},&quot;background_motion_fx_devices&quot;:[&quot;desktop&quot;,&quot;tablet&quot;,&quot;mobile&quot;]}\">\n\t\t\t\t<div class=\"elementor-element elementor-element-624a09c0 elementor-widget elementor-widget-image\" data-id=\"624a09c0\" data-element_type=\"widget\" data-e-type=\"widget\" data-widget_type=\"image.default\">\n\t\t\t\t\t\t\t\t\t\t\t\t\t\t\t<img decoding=\"async\" src=\"https:\/\/3six.fr\/wp-content\/uploads\/elementor\/thumbs\/Logo_3SIX-rfztv8eucfiiblpatenh9fnxoiqwnv8oh8yigdt4nk.png\" title=\"Logo_3SIX\" alt=\"Logo 3six\" loading=\"lazy\" \/>\t\t\t\t\t\t\t\t\t\t\t\t\t\t\t<\/div>\n\t\t\t\t<\/div>\n\t\t<div class=\"elementor-element elementor-element-b919f26 e-flex e-con-boxed e-con e-parent\" data-id=\"b919f26\" data-element_type=\"container\" data-e-type=\"container\">\n\t\t\t\t\t<div class=\"e-con-inner\">\n\t\t\t\t<div class=\"elementor-element elementor-element-66565f48 elementor-widget__width-inherit elementor-widget elementor-widget-heading\" data-id=\"66565f48\" data-element_type=\"widget\" data-e-type=\"widget\" data-widget_type=\"heading.default\">\n\t\t\t\t\t<h1 class=\"elementor-heading-title elementor-size-default\">Former. S\u00e9curiser. Performer.<\/h1>\t\t\t\t<\/div>\n\t\t\t\t<div class=\"elementor-element elementor-element-6a39eaf8 elementor-widget elementor-widget-text-editor\" data-id=\"6a39eaf8\" data-element_type=\"widget\" data-e-type=\"widget\" data-widget_type=\"text-editor.default\">\n\t\t\t\t\t\t\t\t\t<p>3SIX est une structure ind\u00e9pendante sp\u00e9cialis\u00e9e dans la <strong data-start=\"1286\" data-end=\"1312\">s\u00e9curit\u00e9 des chantiers<\/strong>, la <strong data-start=\"1317\" data-end=\"1342\">performance technique<\/strong> et la <strong data-start=\"1349\" data-end=\"1372\">performance humaine<\/strong>.<\/p><p>Nous accompagnons entreprises, collectivit\u00e9s, particuliers et ind\u00e9pendants <br \/>\u00e0 travers des <strong data-start=\"1453\" data-end=\"1482\">formations r\u00e9glementaires<\/strong>, des <strong data-start=\"1488\" data-end=\"1527\">interventions techniques en hauteur<\/strong> et un <strong data-start=\"1534\" data-end=\"1575\">accompagnement en pr\u00e9paration mentale<\/strong> adapt\u00e9 aux r\u00e9alit\u00e9s du terrain.<\/p>\t\t\t\t\t\t\t\t<\/div>\n\t\t\t\t\t<\/div>\n\t\t\t\t<\/div>\n\t\t<div class=\"elementor-element elementor-element-3959d87 e-grid e-con-boxed e-con e-parent\" data-id=\"3959d87\" data-element_type=\"container\" data-e-type=\"container\">\n\t\t\t\t\t<div class=\"e-con-inner\">\n\t\t\t\t<div class=\"elementor-element elementor-element-b43c961 elementor-widget elementor-widget-image\" data-id=\"b43c961\" data-element_type=\"widget\" data-e-type=\"widget\" data-widget_type=\"image.default\">\n\t\t\t\t\t\t\t\t\t\t\t\t\t\t\t<img fetchpriority=\"high\" decoding=\"async\" width=\"800\" height=\"534\" src=\"https:\/\/3six.fr\/wp-content\/uploads\/2025\/12\/dylan-gillis-KdeqA3aTnBY-unsplash-scaled-1-1024x683.jpg\" class=\"attachment-large size-large wp-image-317\" alt=\"Dylan gillis KdeqA3aTnBY unsplash scaled.jpg\" srcset=\"https:\/\/3six.fr\/wp-content\/uploads\/2025\/12\/dylan-gillis-KdeqA3aTnBY-unsplash-scaled-1-1024x683.jpg 1024w, https:\/\/3six.fr\/wp-content\/uploads\/2025\/12\/dylan-gillis-KdeqA3aTnBY-unsplash-scaled-1-300x200.jpg 300w, https:\/\/3six.fr\/wp-content\/uploads\/2025\/12\/dylan-gillis-KdeqA3aTnBY-unsplash-scaled-1-768x512.jpg 768w, https:\/\/3six.fr\/wp-content\/uploads\/2025\/12\/dylan-gillis-KdeqA3aTnBY-unsplash-scaled-1-1536x1024.jpg 1536w, https:\/\/3six.fr\/wp-content\/uploads\/2025\/12\/dylan-gillis-KdeqA3aTnBY-unsplash-scaled-1-2048x1366.jpg 2048w\" sizes=\"(max-width: 800px) 100vw, 800px\" \/>\t\t\t\t\t\t\t\t\t\t\t\t\t\t\t<\/div>\n\t\t\t\t<div class=\"elementor-element elementor-element-b5781dc elementor-widget elementor-widget-image\" data-id=\"b5781dc\" data-element_type=\"widget\" data-e-type=\"widget\" data-widget_type=\"image.default\">\n\t\t\t\t\t\t\t\t\t\t\t\t\t\t\t<img decoding=\"async\" width=\"800\" height=\"534\" src=\"https:\/\/3six.fr\/wp-content\/uploads\/2026\/05\/A7400831-1024x683.jpg\" class=\"attachment-large size-large wp-image-513\" alt=\"A7400831\" srcset=\"https:\/\/3six.fr\/wp-content\/uploads\/2026\/05\/A7400831-1024x683.jpg 1024w, https:\/\/3six.fr\/wp-content\/uploads\/2026\/05\/A7400831-300x200.jpg 300w, https:\/\/3six.fr\/wp-content\/uploads\/2026\/05\/A7400831-768x512.jpg 768w, https:\/\/3six.fr\/wp-content\/uploads\/2026\/05\/A7400831-1536x1024.jpg 1536w, https:\/\/3six.fr\/wp-content\/uploads\/2026\/05\/A7400831-2048x1365.jpg 2048w\" sizes=\"(max-width: 800px) 100vw, 800px\" \/>\t\t\t\t\t\t\t\t\t\t\t\t\t\t\t<\/div>\n\t\t\t\t<div class=\"elementor-element elementor-element-bd6f33e elementor-widget elementor-widget-image\" data-id=\"bd6f33e\" data-element_type=\"widget\" data-e-type=\"widget\" data-widget_type=\"image.default\">\n\t\t\t\t\t\t\t\t\t\t\t\t\t\t\t<img decoding=\"async\" width=\"800\" height=\"534\" src=\"https:\/\/3six.fr\/wp-content\/uploads\/2025\/12\/3SIX_goals-1024x683.png\" class=\"attachment-large size-large wp-image-227\" alt=\"3SIX goals\" srcset=\"https:\/\/3six.fr\/wp-content\/uploads\/2025\/12\/3SIX_goals-1024x683.png 1024w, https:\/\/3six.fr\/wp-content\/uploads\/2025\/12\/3SIX_goals-300x200.png 300w, https:\/\/3six.fr\/wp-content\/uploads\/2025\/12\/3SIX_goals-768x512.png 768w, https:\/\/3six.fr\/wp-content\/uploads\/2025\/12\/3SIX_goals-1536x1024.png 1536w, https:\/\/3six.fr\/wp-content\/uploads\/2025\/12\/3SIX_goals-2048x1366.png 2048w\" sizes=\"(max-width: 800px) 100vw, 800px\" \/>\t\t\t\t\t\t\t\t\t\t\t\t\t\t\t<\/div>\n\t\t\t\t\t<\/div>\n\t\t\t\t<\/div>\n\t\t<div class=\"elementor-element elementor-element-5f17fe56 e-flex e-con-boxed e-con e-parent\" data-id=\"5f17fe56\" data-element_type=\"container\" data-e-type=\"container\">\n\t\t\t\t\t<div class=\"e-con-inner\">\n\t\t<div class=\"elementor-element elementor-element-325ea885 e-con-full e-flex e-con e-child\" data-id=\"325ea885\" data-element_type=\"container\" data-e-type=\"container\">\n\t\t\t\t<div class=\"elementor-element elementor-element-32624af2 elementor-widget elementor-widget-heading\" data-id=\"32624af2\" data-element_type=\"widget\" data-e-type=\"widget\" data-widget_type=\"heading.default\">\n\t\t\t\t\t<h2 class=\"elementor-heading-title elementor-size-default\">Formations r\u00e9glementaires &amp; s\u00e9curit\u00e9<\/h2>\t\t\t\t<\/div>\n\t\t\t\t<div class=\"elementor-element elementor-element-4254f900 elementor-widget elementor-widget-text-editor\" data-id=\"4254f900\" data-element_type=\"widget\" data-e-type=\"widget\" data-widget_type=\"text-editor.default\">\n\t\t\t\t\t\t\t\t\t<p>AIPR, BF-HF, travaux en hauteur\u2026<br data-start=\"1950\" data-end=\"1953\" \/>Des formations concr\u00e8tes, orient\u00e9es terrain, pour s\u00e9curiser vos chantiers et prot\u00e9ger vos \u00e9quipes.<\/p>\t\t\t\t\t\t\t\t<\/div>\n\t\t\t\t<\/div>\n\t\t<div class=\"elementor-element elementor-element-1581556b e-con-full e-flex e-con e-child\" data-id=\"1581556b\" data-element_type=\"container\" data-e-type=\"container\">\n\t\t\t\t<div class=\"elementor-element elementor-element-7198173b elementor-widget elementor-widget-heading\" data-id=\"7198173b\" data-element_type=\"widget\" data-e-type=\"widget\" data-widget_type=\"heading.default\">\n\t\t\t\t\t<h2 class=\"elementor-heading-title elementor-size-default\">Interventions techniques en hauteur<\/h2>\t\t\t\t<\/div>\n\t\t\t\t<div class=\"elementor-element elementor-element-5ad0989d elementor-widget elementor-widget-text-editor\" data-id=\"5ad0989d\" data-element_type=\"widget\" data-e-type=\"widget\" data-widget_type=\"text-editor.default\">\n\t\t\t\t\t\t\t\t\t<p>Travaux sur fa\u00e7ades, toitures, vitrages, zones complexes d\u2019acc\u00e8s. Une approche technique, s\u00e9curis\u00e9e et adapt\u00e9e aux contraintes du terrain.<\/p>\t\t\t\t\t\t\t\t<\/div>\n\t\t\t\t<\/div>\n\t\t<div class=\"elementor-element elementor-element-77f61780 e-con-full e-flex e-con e-child\" data-id=\"77f61780\" data-element_type=\"container\" data-e-type=\"container\">\n\t\t\t\t<div class=\"elementor-element elementor-element-4a93b77b elementor-widget elementor-widget-heading\" data-id=\"4a93b77b\" data-element_type=\"widget\" data-e-type=\"widget\" data-widget_type=\"heading.default\">\n\t\t\t\t\t<h2 class=\"elementor-heading-title elementor-size-default\">Pr\u00e9paration mentale<br><\/h2>\t\t\t\t<\/div>\n\t\t\t\t<div class=\"elementor-element elementor-element-967564c elementor-widget elementor-widget-text-editor\" data-id=\"967564c\" data-element_type=\"widget\" data-e-type=\"widget\" data-widget_type=\"text-editor.default\">\n\t\t\t\t\t\t\t\t\t<p>Prendre du recul face aux probl\u00e8mes et aux impr\u00e9vus.<\/p><p>Renforcer la confiance dans les d\u00e9cision qui engagent.<\/p><p>Rester clair et solide quand la pression monte.\u00a0<\/p>\t\t\t\t\t\t\t\t<\/div>\n\t\t\t\t<\/div>\n\t\t\t\t\t<\/div>\n\t\t\t\t<\/div>\n\t\t<div class=\"elementor-element elementor-element-6f497453 e-grid e-con-boxed e-con e-parent\" data-id=\"6f497453\" data-element_type=\"container\" data-e-type=\"container\">\n\t\t\t\t\t<div class=\"e-con-inner\">\n\t\t\t\t<div class=\"elementor-element elementor-element-67f62aa3 elementor-align-center elementor-widget elementor-widget-button\" data-id=\"67f62aa3\" data-element_type=\"widget\" data-e-type=\"widget\" data-widget_type=\"button.default\">\n\t\t\t\t\t\t\t\t\t\t<a class=\"elementor-button elementor-button-link elementor-size-sm\" href=\"https:\/\/3six.fr\/index.php\/formations-techniques\/\">\n\t\t\t\t\t\t<span class=\"elementor-button-content-wrapper\">\n\t\t\t\t\t\t\t\t\t<span class=\"elementor-button-text\">S\u00e9curiser vos \u00e9quipes<\/span>\n\t\t\t\t\t<\/span>\n\t\t\t\t\t<\/a>\n\t\t\t\t\t\t\t\t<\/div>\n\t\t\t\t<div class=\"elementor-element elementor-element-6e1a0e7f elementor-align-center elementor-widget elementor-widget-button\" data-id=\"6e1a0e7f\" data-element_type=\"widget\" data-e-type=\"widget\" data-widget_type=\"button.default\">\n\t\t\t\t\t\t\t\t\t\t<a class=\"elementor-button elementor-button-link elementor-size-sm\" href=\"https:\/\/3six.fr\/index.php\/intervention-travaux-en-hauteur\/\">\n\t\t\t\t\t\t<span class=\"elementor-button-content-wrapper\">\n\t\t\t\t\t\t\t\t\t<span class=\"elementor-button-text\">Confier vos chantiers<\/span>\n\t\t\t\t\t<\/span>\n\t\t\t\t\t<\/a>\n\t\t\t\t\t\t\t\t<\/div>\n\t\t\t\t<div class=\"elementor-element elementor-element-3eff68f4 elementor-align-center elementor-widget__width-inherit elementor-widget elementor-widget-button\" data-id=\"3eff68f4\" data-element_type=\"widget\" data-e-type=\"widget\" data-widget_type=\"button.default\">\n\t\t\t\t\t\t\t\t\t\t<a class=\"elementor-button elementor-button-link elementor-size-sm\" href=\"https:\/\/3six.fr\/index.php\/preparation-mentale\/\">\n\t\t\t\t\t\t<span class=\"elementor-button-content-wrapper\">\n\t\t\t\t\t\t\t\t\t<span class=\"elementor-button-text\">D\u00e9cider avec lucidit\u00e9<\/span>\n\t\t\t\t\t<\/span>\n\t\t\t\t\t<\/a>\n\t\t\t\t\t\t\t\t<\/div>\n\t\t\t\t\t<\/div>\n\t\t\t\t<\/div>\n\t\t<div class=\"elementor-element elementor-element-7b881107 e-flex e-con-boxed e-con e-parent\" data-id=\"7b881107\" data-element_type=\"container\" data-e-type=\"container\">\n\t\t\t\t\t<div class=\"e-con-inner\">\n\t\t\t\t<div class=\"elementor-element elementor-element-1c995696 elementor-widget elementor-widget-heading\" data-id=\"1c995696\" data-element_type=\"widget\" data-e-type=\"widget\" data-widget_type=\"heading.default\">\n\t\t\t\t\t<h2 class=\"elementor-heading-title elementor-size-default\">Pourquoi 3SIX ?<\/h2>\t\t\t\t<\/div>\n\t\t\t\t<div class=\"elementor-element elementor-element-28cdc74f elementor-widget__width-inherit elementor-widget elementor-widget-text-editor\" data-id=\"28cdc74f\" data-element_type=\"widget\" data-e-type=\"widget\" data-widget_type=\"text-editor.default\">\n\t\t\t\t\t\t\t\t\t<ul><li data-start=\"2817\" data-end=\"2858\"><p data-start=\"2819\" data-end=\"2858\"><img decoding=\"async\" class=\"emoji\" role=\"img\" draggable=\"false\" src=\"https:\/\/s.w.org\/images\/core\/emoji\/17.0.2\/svg\/2714.svg\" alt=\"\u2714\ufe0f\" \/> Expertise terrain et r\u00e9glementaire<\/p><\/li><li data-start=\"2859\" data-end=\"2902\"><p data-start=\"2861\" data-end=\"2902\"><img decoding=\"async\" class=\"emoji\" role=\"img\" draggable=\"false\" src=\"https:\/\/s.w.org\/images\/core\/emoji\/17.0.2\/svg\/2714.svg\" alt=\"\u2714\ufe0f\" \/> Intervenant unique, approche humaine<\/p><\/li><li data-start=\"2903\" data-end=\"2945\"><p data-start=\"2905\" data-end=\"2945\"><img decoding=\"async\" class=\"emoji\" role=\"img\" draggable=\"false\" src=\"https:\/\/s.w.org\/images\/core\/emoji\/17.0.2\/svg\/2714.svg\" alt=\"\u2714\ufe0f\" \/> Solutions concr\u00e8tes, pas th\u00e9oriques<\/p><\/li><li data-start=\"2946\" data-end=\"3006\"><p data-start=\"2948\" data-end=\"3006\"><img decoding=\"async\" class=\"emoji\" role=\"img\" draggable=\"false\" src=\"https:\/\/s.w.org\/images\/core\/emoji\/17.0.2\/svg\/2714.svg\" alt=\"\u2714\ufe0f\" \/> Adapt\u00e9 aux entreprises, collectivit\u00e9s et ind\u00e9pendants<\/p><\/li><\/ul>\t\t\t\t\t\t\t\t<\/div>\n\t\t\t\t\t<\/div>\n\t\t\t\t<\/div>\n\t\t<div class=\"elementor-element elementor-element-2f047ccb e-flex e-con-boxed e-con e-parent\" data-id=\"2f047ccb\" data-element_type=\"container\" data-e-type=\"container\">\n\t\t\t\t\t<div class=\"e-con-inner\">\n\t\t\t\t<div class=\"elementor-element elementor-element-4d67945 elementor-widget elementor-widget-heading\" data-id=\"4d67945\" data-element_type=\"widget\" data-e-type=\"widget\" data-widget_type=\"heading.default\">\n\t\t\t\t\t<h2 class=\"elementor-heading-title elementor-size-default\">Un projet, une question, un besoin de formation ou d\u2019intervention ?\nContactez-nous, nous vous r\u00e9pondrons rapidement.<\/h2>\t\t\t\t<\/div>\n\t\t\t\t<div class=\"elementor-element elementor-element-364627d elementor-align-center elementor-widget elementor-widget-button\" data-id=\"364627d\" data-element_type=\"widget\" data-e-type=\"widget\" data-widget_type=\"button.default\">\n\t\t\t\t\t\t\t\t\t\t<a class=\"elementor-button elementor-button-link elementor-size-sm\" href=\"https:\/\/3six.fr\/index.php\/contact\/\">\n\t\t\t\t\t\t<span class=\"elementor-button-content-wrapper\">\n\t\t\t\t\t\t\t\t\t<span class=\"elementor-button-text\">Contactez-nous<\/span>\n\t\t\t\t\t<\/span>\n\t\t\t\t\t<\/a>\n\t\t\t\t\t\t\t\t<\/div>\n\t\t\t\t\t<\/div>\n\t\t\t\t<\/div>\n\t\t\t\t<\/div>\n\t\t","protected":false},"excerpt":{"rendered":"<p>Former. S\u00e9curiser. Performer. 3SIX est une structure ind\u00e9pendante sp\u00e9cialis\u00e9e dans la s\u00e9curit\u00e9 des chantiers, la performance technique et la performance humaine. Nous accompagnons entreprises, collectivit\u00e9s, particuliers et ind\u00e9pendants \u00e0 travers des formations r\u00e9glementaires, des interventions techniques en hauteur et un accompagnement en pr\u00e9paration mentale adapt\u00e9 aux r\u00e9alit\u00e9s du terrain. Formations r\u00e9glementaires &amp; s\u00e9curit\u00e9 AIPR, BF-HF, [&hellip;]<\/p>\n","protected":false},"author":1,"featured_media":0,"parent":0,"menu_order":0,"comment_status":"closed","ping_status":"closed","template":"","meta":{"slim_seo":{"title":"3six - 3SIX est une structure ind\u00e9pendante sp\u00e9cialis\u00e9e dans la s\u00e9curit\u00e9 des chantiers, la performance technique et la performance humaine.","description":"Former. S\u00e9curiser. Performer. 3SIX est une structure ind\u00e9pendante sp\u00e9cialis\u00e9e dans la s\u00e9curit\u00e9 des chantiers , la performance technique et la performance humain"},"footnotes":""},"class_list":["post-11","page","type-page","status-publish","hentry"],"_links":{"self":[{"href":"https:\/\/3six.fr\/index.php\/wp-json\/wp\/v2\/pages\/11","targetHints":{"allow":["GET"]}}],"collection":[{"href":"https:\/\/3six.fr\/index.php\/wp-json\/wp\/v2\/pages"}],"about":[{"href":"https:\/\/3six.fr\/index.php\/wp-json\/wp\/v2\/types\/page"}],"author":[{"embeddable":true,"href":"https:\/\/3six.fr\/index.php\/wp-json\/wp\/v2\/users\/1"}],"replies":[{"embeddable":true,"href":"https:\/\/3six.fr\/index.php\/wp-json\/wp\/v2\/comments?post=11"}],"version-history":[{"count":76,"href":"https:\/\/3six.fr\/index.php\/wp-json\/wp\/v2\/pages\/11\/revisions"}],"predecessor-version":[{"id":526,"href":"https:\/\/3six.fr\/index.php\/wp-json\/wp\/v2\/pages\/11\/revisions\/526"}],"wp:attachment":[{"href":"https:\/\/3six.fr\/index.php\/wp-json\/wp\/v2\/media?parent=11"}],"curies":[{"name":"wp","href":"https:\/\/api.w.org\/{rel}","templated":true}]}}